{"id":42,"date":"2020-12-09T03:17:46","date_gmt":"2020-12-09T03:17:46","guid":{"rendered":"https:\/\/goldtoners.com\/?page_id=42"},"modified":"2025-10-03T22:38:02","modified_gmt":"2025-10-03T22:38:02","slug":"home","status":"publish","type":"page","link":"https:\/\/goldtoners.com\/","title":{"rendered":"Home"},"content":{"rendered":"\n\n<p>Distribuye<\/p>\nGold Toner\n<p style=\"text-align: center;\"><span style=\"color: rgb(238, 236, 225);\">Se parte de la familia de distribuidores de la mejor marca de Toners comaptibles de M\u00e9xico.<\/span><\/p>\n\n\n\n\n\n\n\n\n\nmayorista de toner\n<p style=\"text-align: center; font-size: 13px;\"><font dir=\"auto\" style=\"vertical-align: inherit;\"><font dir=\"auto\" style=\"vertical-align: inherit;\">Con 11 a\u00f1os en el mercado, GoldToners es la marca de consumibles compatibles n\u00famero 1 en el sureste de M\u00e9xico, la preferida cuando se trata de ofrecer una calidad igual a la de un consumible original, tanto en rendimiento como en calidad de impresi\u00f3n.<\/font><\/font><\/p>\ngold toner\n<p>Fundada en Septiembre de 2014<\/p>\n\n\n<p><font dir=\"auto\" style=\"vertical-align: inherit;\"><font dir=\"auto\" style=\"vertical-align: inherit;\">Director General<\/font><\/font><\/p>\n\n\n\n\n\n\n\n\n\n\n\n\n\n\n\n\n\n\n\n\n\n\n\n\n\n\n\n\n\n\n\n\n\n\n\n\n\n\n\n\n\n\n\n\n\nCentros de <font color=\"#ffb400\">distribuci\u00f3n<\/font>\n<p style=\"text-align: center; font-size: 13px;\">\u201cNuestro Centro de Distribuci\u00f3n en M\u00e9rida, Yucat\u00e1n, es el coraz\u00f3n log\u00edstico de GoldToners. Desde aqu\u00ed planificamos y aseguramos el abasto de consumibles a nivel nacional, garantizando a nuestros clientes disponibilidad inmediata, eficiencia en cada entrega y un servicio confiable que respalda la operaci\u00f3n de su negocio.\u201d<\/p>\n\n\n\n\n\n\n\n\n\n\n\n\n\n\n\n\n\n\n\n\nSERVICIO DE \ud83d\ude9a&nbsp;\nLOG\u00cdSTICA&nbsp;\n<h3 data-start=\"114\" data-end=\"140\"><font dir=\"auto\" style=\"vertical-align: inherit;\"><font dir=\"auto\" style=\"vertical-align: inherit;\">Env\u00edos a todo M\u00e9xico<\/font><\/font><\/h3><p><span style=\"font-size: 14px;\"><p style=\"text-align: justify;\"><span style=\"background-color: transparent;\"><font dir=\"auto\" style=\"vertical-align: inherit;\"><font dir=\"auto\" style=\"vertical-align: inherit;\">En <strong>GoldToners<\/strong> nos aseguramos de que tus pedidos lleguen de forma r\u00e1pida, segura y confiable a cualquier parte de la Rep\u00fablica Mexicana. Trabajamos de la mano con las mensajer\u00edas m\u00e1s prestigiosas del pa\u00eds, como <span style=\"color: rgb(79, 129, 189);\">DHL, Estafeta, FedEx, Paquete Express<\/span>, entre otras, lo que nos permite garantizar tiempos de entrega competitivos y un servicio de calidad en cada env\u00edo. No importa en qu\u00e9 ciudad te encuentres, en GoldToners siempre tendr\u00e1s la tranquilidad de recibir tus consumibles con la eficiencia y el respaldo que nos caracteriza.<\/font><\/font><\/span><\/p><\/span><\/p><p data-start=\"527\" data-end=\"698\"><span style=\"vertical-align: inherit;\"><\/span><font dir=\"auto\" style=\"vertical-align: inherit;\"><font dir=\"auto\" style=\"vertical-align: inherit;\"><br><\/font><\/font><\/p><p><span style=\"font-weight: bolder;\"><span style=\"font-family: &quot;Arial Black&quot;, Gadget, sans-serif;\"><font dir=\"auto\" style=\"vertical-align: inherit;\"><font dir=\"auto\" style=\"vertical-align: inherit;\"><font dir=\"auto\" style=\"vertical-align: inherit;\"><font dir=\"auto\" style=\"vertical-align: inherit;\">Mensajer\u00eda&nbsp;&nbsp; <\/font><\/font><\/font><\/font><span style=\"color: rgb(238, 236, 225); background-color: rgb(155, 187, 89);\"><font dir=\"auto\" style=\"vertical-align: inherit;\"><font dir=\"auto\" style=\"vertical-align: inherit;\"><font dir=\"auto\" style=\"vertical-align: inherit;\"><font dir=\"auto\" style=\"vertical-align: inherit;\">&nbsp;DYPAQ&nbsp;<\/font><\/font><\/font><\/font><\/span><\/span><\/span><span style=\"color: rgb(118, 146, 60);\">&nbsp;<\/span><\/p><p data-start=\"527\" data-end=\"698\"><font dir=\"auto\" style=\"vertical-align: inherit;\"><font dir=\"auto\" style=\"vertical-align: inherit;\"><\/font><\/font><\/p><p><span style=\"font-weight: bolder;\"><font dir=\"auto\" style=\"vertical-align: inherit;\"><font dir=\"auto\" style=\"vertical-align: inherit;\"><font dir=\"auto\" style=\"vertical-align: inherit;\">*<\/font><\/font><\/font><\/span><font dir=\"auto\" style=\"vertical-align: inherit;\">&nbsp;<font dir=\"auto\" style=\"vertical-align: inherit;\"><font dir=\"auto\" style=\"vertical-align: inherit;\"> Entregamos en menos de <\/font><\/font>&nbsp;<\/font><span style=\"font-weight: bolder; font-family: &quot;Arial Black&quot;, Gadget, sans-serif;\"><font dir=\"auto\" style=\"vertical-align: inherit;\"><font dir=\"auto\" style=\"vertical-align: inherit;\"><font dir=\"auto\" style=\"vertical-align: inherit;\">24hrs<\/font><\/font><\/font><\/span><font dir=\"auto\" style=\"vertical-align: inherit;\">&nbsp;<font dir=\"auto\" style=\"vertical-align: inherit;\"><font dir=\"auto\" style=\"vertical-align: inherit;\"> en toda la Pen\u00ednsula de Yucat\u00e1n (Campeche, Quintana Roo, e interior del estado de Yucat\u00e1n) <\/font><\/font><\/font><br><span style=\"font-weight: bolder;\"><font dir=\"auto\" style=\"vertical-align: inherit;\"><font dir=\"auto\" style=\"vertical-align: inherit;\"><font dir=\"auto\" style=\"vertical-align: inherit;\">*&nbsp;<\/font><\/font><\/font><\/span><font dir=\"auto\" style=\"vertical-align: inherit;\">&nbsp;<font dir=\"auto\" style=\"vertical-align: inherit;\"><font dir=\"auto\" style=\"vertical-align: inherit;\"> De 2-3 D\u00edas en Tabasco, Veracruz, Oaxaca, Puebla, Ciudad de M\u00e9xico.<\/font><\/font><\/font><\/p>\n<p><strong style=\"font-family: &quot;Arial Black&quot;, Gadget, sans-serif;\">REPARTO A DOMICILIO EN M\u00c9RIDA<\/strong><br>En nuestra Matriz, contamos&nbsp;con entrega inmediata el mismo d\u00eda, gracias a nuestra flotilla de reparto, en la cual entregamos hasta tu negocio o punto de venta desde 1 pza en toda la ciudad.<\/p>\n\n\n\n\n\n\n\n\n\n\n\n\n<font color=\"#ffb400\"> beneficios <\/font>gold\n<p style=\"text-align: center; font-size: 13px;\">En Gold m\u00e1s que vender un consumible, vendes una MARCA la cual trae beneficios que puedes ofrecer a tus clientes, para que sientan el respaldo detr\u00e1s de la venta del producto&#8230; Conoce cuales son traspasarlos a tus propios clientes.&nbsp;<\/p>\n\n\n\n\n\n\n\n\n\n\n\n\n\n\n\n\n<p style=\"font-size: 16px;\">Tus clientes sentir\u00e1n adem\u00e1s de tu respaldo como distribuidor, el de una marca consolidada, que te brindar\u00e1 apoyo para cualquier detalle en tu proceso de post venta.<\/p>\n<p style=\"font-size: 16px;\">Contamos con una extensa compatibilidad con las diferentes marcas originales del mercado, desde las m\u00e1s comerciales como HP, Samsung, Brother, hasta las m\u00e1s complicadas de conseguir como Okidata, Lexmark, Kyocera, Xerox, Dell.<br><\/p>\n<p style=\"font-size: 16px;\"><span style=\"font-family: Cabin, sans-serif; font-size: 16px; font-style: normal; font-variant-ligatures: normal; font-variant-caps: normal; font-weight: 400;\">Para mantener un inventario sano en tus almacenes, GoldToner te ofrece una rotaci\u00f3n de inventario de nuestro producto no mayor a 6 meses en factura, para que puedas optar por tener variedad en tus compras y si no los vendes, te lo cambiamos por producto que si vendes<\/span>.<br><\/p>\n<p style=\"font-size: 16px;\">Nuestra marca ofrece la misma o mayor cantidad de hojas de impresi\u00f3n que un original, impresiones negras muy n\u00edtidas e im\u00e1genes finas y claras.<\/p>\n\n\n\n\n\n\n\n\n\n\n\n\n\n\n\n\n<p style=\"font-size: 16px;\">La garant\u00eda m\u00e1s extensa en todo M\u00e9xico, GOLD te respalda por 2 a\u00f1os por defectos de f\u00e1brica de nuestro Toner, ofreciendo un CAMBIO F\u00cdSICO por el producto para respaldarte con tu cliente. <span style=\"background-color: rgb(242, 195, 20); color: rgb(255, 255, 255);\"><br><strong style=\"\">&nbsp; Sin costo de flete por garant\u00eda.&nbsp;&nbsp;<\/strong><\/span><\/p>\n<p style=\"font-size: 16px;\">Mas de 10mil Toners de entrega inmediata de los diferentes modelo compatibles, para que puedan surtir proyectos.<\/p>\n\n\n\n\n\n\n\n\n\n\n\n\n\n\n<p><span>Contamos con los controles internacionales de calidad ISO-9001 e<br>&nbsp;ISO-14001, los cuales garantizan \u00f3ptimo rendimiento y calidad, ahorrando hasta un 60%&nbsp; al modelo del producto original.<\/span><\/p>\n<p style=\"font-size: 16px;\">Con tan solo tus \u00faltimos 3 estados de cuenta y 2 referencias crediticias, puedes obtener un cr\u00e9dito con Gold en tan solo 24hrs (sujeto a autorizaci\u00f3n del departamento de CC)<\/p>\n\n\n\n\n\n\ngold <font color=\"#ffb400\">Squad<\/font> \ud83d\udc68\u200d\ud83d\udcbc\ud83d\udc69\u200d\ud83d\udcbc\ud83d\udc69\u200d\ud83d\udcbb\ud83d\udc68\u200d\ud83d\udcbb\n<p style=\"text-align: center; font-size: 13px;\">En <span style=\"font-family: &quot;Arial Black&quot;, Gadget, sans-serif; color: rgb(242, 195, 20);\"><strong style=\"\">#GoldToners<\/strong><\/span> nos gusta presumir a nuestro personal, porque somos una familia laboral comprometida en brindar el mejor servicio a nuestros clientes y que estos sean nuestros socios de Negocios.<\/p>\n\n\n\n\ngold&nbsp;<span style=\"color: #FFB400;\">Squad<\/span>\n\n\n\n\n\n\n\n\n\n\n\n\n\n\n\n\n\n\n\n\n\n\n\n\n\n\n\n\n\n\n\n\n\n\n\n\n\n\n\n\n\n\n\n\n\n\n\n\n\n\n\n\n\n\n\n\n\n\n\n\n\n\ngold<font color=\"#ffb400\">noticias<\/font>\n<p style=\"text-align: center; font-size: 13px;\">Mantente informado de nuestras novedades, movimientos en tienda, productos nuevos por salir, actualizaciones de productos o firnware, llegada de contenedores, promociones y todo lo que necesitas saber de #GoldToner<\/p>\n\n\n\n\n\n\n\n\n\n\n\n\n\n\n\n\n\n\n\n\n\n\n\n\n\n\n\n\n\n\n\n\n\n\n\n\n\n\n\n\n<p style=\"font-size: 20px;\">Nov, 2020<\/p>\nNueva sucursal en Cd M\u00e9xico\nFrancisco Trejo\n<p style=\"text-align: justify; \">Aperturaremos el 4 de Enero de 2021 en la ciudad de M\u00e9xico, trasladando todos los beneficios de nuestra marca a esta bella ciudad, En la que estamos seguros que creceremos conjuntamente a nuestros nuevos socios de negocios en consumibles.<\/p>\n\n\n\n\n\n\n\n\n\n\n\n\n\n\n\n\n\n\n\n\n\n\n\n\n\n\n\n\n\n\n\n\n\n\n\n\n\n\n\n\n<p style=\"font-size: 20px;\">Oct, 2020<\/p>\nNuevo Integrante Comercial en Canc\u00fan\nJavier Zavala\n<p style=\"text-align: justify; \">Apostando a nuevos valores Jovenes con aptitudes enormes en ventas, Javier Zavala nos representa como nuevo Gerente de la sucursal de Canc\u00fan.&nbsp;Todo lo relacionado a Cartas comerciales, precios especiales, proyectos de volumen, ya tendran&nbsp;<\/span><\/p><span style=\"background-color: transparent; font-size: 12px;\"><\/span>\n\n\n\n\n","protected":false},"excerpt":{"rendered":"","protected":false},"author":1,"featured_media":0,"parent":0,"menu_order":0,"comment_status":"closed","ping_status":"closed","template":"","meta":[],"_links":{"self":[{"href":"https:\/\/goldtoners.com\/index.php?rest_route=\/wp\/v2\/pages\/42"}],"collection":[{"href":"https:\/\/goldtoners.com\/index.php?rest_route=\/wp\/v2\/pages"}],"about":[{"href":"https:\/\/goldtoners.com\/index.php?rest_route=\/wp\/v2\/types\/page"}],"author":[{"embeddable":true,"href":"https:\/\/goldtoners.com\/index.php?rest_route=\/wp\/v2\/users\/1"}],"replies":[{"embeddable":true,"href":"https:\/\/goldtoners.com\/index.php?rest_route=%2Fwp%2Fv2%2Fcomments&post=42"}],"version-history":[{"count":30,"href":"https:\/\/goldtoners.com\/index.php?rest_route=\/wp\/v2\/pages\/42\/revisions"}],"predecessor-version":[{"id":174,"href":"https:\/\/goldtoners.com\/index.php?rest_route=\/wp\/v2\/pages\/42\/revisions\/174"}],"wp:attachment":[{"href":"https:\/\/goldtoners.com\/index.php?rest_route=%2Fwp%2Fv2%2Fmedia&parent=42"}],"curies":[{"name":"wp","href":"https:\/\/api.w.org\/{rel}","templated":true}]}}