{"id":43,"date":"2020-12-09T03:17:46","date_gmt":"2020-12-09T03:17:46","guid":{"rendered":"https:\/\/goldtoners.com\/?page_id=43"},"modified":"2021-02-23T03:23:44","modified_gmt":"2021-02-23T03:23:44","slug":"about","status":"publish","type":"page","link":"https:\/\/goldtoners.com\/?page_id=43","title":{"rendered":"About"},"content":{"rendered":"\n\n\n\n\n\n\n\n\nMAYORISTA DE TONER<span style=\"color: #FFB400;\">S<\/span>\n<p style=\"text-align: justify;\"><br><\/p><p style=\"text-align: justify;\">Con 6 a\u00f1os en el mercado, GoldToners es la marca de consumible compatibles numero 1 en el sureste de M\u00e9xico, la preferida cuando se trata de ofrecer una calidad igual a la de un consumible original, tanto en rendimiento como en calidad de impresi\u00f3n.<\/p>\n\n\n\n\n\n\n\n\n\n\n\n\n\n\n\n\n\n\n\n\n\n\n\nutilidad para t\u00ed\n<p>A trav\u00e9s de nuestros convenios con 2 fabricas de Zhuhai China e importadores mexicanos, podemos ofrecer un producto de la m\u00e1s alta calidad, solo comparada a la de un consumible original, pero con los beneficios de un consumible gen\u00e9rico, ofrecemos un precio sumamente atractivo para que puedas distribuir nuestro producto y generar grandes ganancias para tu negocio.<\/p>\n\n\n\n\n\n\n\n\n\n\n\n\ngold Squa<span style=\"color: #FFB400;\">d<\/span>\n<p style=\"text-align: center; font-size: 13px;\"><span style=\"color: rgb(10, 10, 10); font-family: Cabin, sans-serif; background-color: rgb(252, 252, 252);\">En&nbsp;<\/span><span style=\"margin: 0px; padding: 0px; border: 0px; font-variant-numeric: inherit; font-variant-east-asian: inherit; font-stretch: inherit; line-height: inherit; font-family: &quot;Arial Black&quot;, Gadget, sans-serif; vertical-align: baseline; overflow-wrap: break-word; background-color: rgb(252, 252, 252); color: rgb(242, 195, 20);\"><span style=\"font-weight: 700; margin: 0px; padding: 0px; border: 0px; font-style: inherit; font-variant: inherit; font-stretch: inherit; font-size: inherit; line-height: inherit; font-family: inherit; vertical-align: baseline; color: rgb(71, 71, 71); overflow-wrap: break-word;\">#GoldToners<\/span><\/span><span style=\"color: rgb(10, 10, 10); font-family: Cabin, sans-serif; background-color: rgb(252, 252, 252);\">&nbsp;nos gusta presumir a nuestro personal, porque somos una familia laboral comprometida en brindar el mejor servicio a nuestros clientes y que estos sean nuestros socios de Negocios.<\/span><\/p>\n\n\n\n\ngold&nbsp;<span style=\"color: #FFB400;\">Squad<\/span>\n\n\n\n\n\n\n\n\n\n\n\n\n\n\n\n\n\n\n\n\n\n\n\n\n\n\n\n\n\n\n\n\n\n\n\n\n\n\n\n\n\n\n\n\n\n\n\n\n\n\n\n\n\n\n\n\n\n\n\n\n\n\n\n\n\n\n\n\n\n\n\n\n\n\n\n\nSkill<span style=\"color: #FFB400;\">s<\/span>\n\n\n\n\n\n\n\n\n\n\n\n\n\n\n\n\n<p style=\"text-align: center; font-size: 13px;\">Excepteur sint occaecat cupidatat non proident, sunt in culpa qui officia deserunt mollit est laborum. Aenaen massa, Cum soolis natoque penatibus et magnis dis parturient montes nascetur ridiculus mus<\/p>\n\n\n\n\n\n<p>Excepteur sint occaecat cupidatat non proident laborum. Interdum et malesuada fames ac ante ipsum primis in faucibus. In hac habitasse platea dictumst. In euismod porttitor ante ac hendrerit. Proin vehicula quis odio eu faucibus. Nullam at urna metus.<\/p>\n\n\n\n\n\n\n\n\n\n<p>Excepteur sint occaecat cupidatat non proident laborum. Interdum et malesuada fames ac ante ipsum primis in faucibus. In hac habitasse platea dictumst. In euismod porttitor ante ac hendrerit. Proin vehicula quis odio eu faucibus. Nullam at urna metus.<\/p>\n\n\n\n\n\n\n\n\n\n\n\n\n\n","protected":false},"excerpt":{"rendered":"","protected":false},"author":1,"featured_media":0,"parent":0,"menu_order":0,"comment_status":"closed","ping_status":"closed","template":"","meta":[],"_links":{"self":[{"href":"https:\/\/goldtoners.com\/index.php?rest_route=\/wp\/v2\/pages\/43"}],"collection":[{"href":"https:\/\/goldtoners.com\/index.php?rest_route=\/wp\/v2\/pages"}],"about":[{"href":"https:\/\/goldtoners.com\/index.php?rest_route=\/wp\/v2\/types\/page"}],"author":[{"embeddable":true,"href":"https:\/\/goldtoners.com\/index.php?rest_route=\/wp\/v2\/users\/1"}],"replies":[{"embeddable":true,"href":"https:\/\/goldtoners.com\/index.php?rest_route=%2Fwp%2Fv2%2Fcomments&post=43"}],"version-history":[{"count":6,"href":"https:\/\/goldtoners.com\/index.php?rest_route=\/wp\/v2\/pages\/43\/revisions"}],"predecessor-version":[{"id":151,"href":"https:\/\/goldtoners.com\/index.php?rest_route=\/wp\/v2\/pages\/43\/revisions\/151"}],"wp:attachment":[{"href":"https:\/\/goldtoners.com\/index.php?rest_route=%2Fwp%2Fv2%2Fmedia&parent=43"}],"curies":[{"name":"wp","href":"https:\/\/api.w.org\/{rel}","templated":true}]}}