{"id":45,"date":"2020-12-09T03:17:46","date_gmt":"2020-12-09T03:17:46","guid":{"rendered":"https:\/\/goldtoners.com\/?page_id=45"},"modified":"2020-12-16T00:15:57","modified_gmt":"2020-12-16T00:15:57","slug":"contacto","status":"publish","type":"page","link":"https:\/\/goldtoners.com\/?page_id=45","title":{"rendered":"Contact"},"content":{"rendered":"\n\n<b>CONTACTO<\/b>\n\n\n\n\n\n\n\nContact U<span style=\"color: #FFB400;\">S<\/span>\n<p style=\"text-align: center; font-size: 13px;\">Quieres distribuir nuestra Marca, env\u00edanos un correo para tu alta como distribuidor.<\/p>\n\n\n\n\n\n\n\n\n\n\nCedis m\u00e9rida\n\n\n\n\n\ngold toner\n\n\ncedis cd m\u00e9xico\n\n\n\n\n\nU-Storage M\u00e9xico-Tacuba Mariano Escobedo, Calzada M\u00e9xico-Tacuba, Popotla, Ciudad de M\u00e9xico, CDMX\n\n\n\n\n<p>cedis canc\u00fan<\/p>\n\n\n\n\n\n\nti cancun\n\n\ncedis cd m\u00e9xico\n\n\n\n\n\nU-Storage M\u00e9xico-Tacuba Mariano Escobedo, Calzada M\u00e9xico-Tacuba, Popotla, Ciudad de M\u00e9xico, CDMX\n\n\n","protected":false},"excerpt":{"rendered":"","protected":false},"author":1,"featured_media":0,"parent":0,"menu_order":0,"comment_status":"closed","ping_status":"closed","template":"","meta":[],"_links":{"self":[{"href":"https:\/\/goldtoners.com\/index.php?rest_route=\/wp\/v2\/pages\/45"}],"collection":[{"href":"https:\/\/goldtoners.com\/index.php?rest_route=\/wp\/v2\/pages"}],"about":[{"href":"https:\/\/goldtoners.com\/index.php?rest_route=\/wp\/v2\/types\/page"}],"author":[{"embeddable":true,"href":"https:\/\/goldtoners.com\/index.php?rest_route=\/wp\/v2\/users\/1"}],"replies":[{"embeddable":true,"href":"https:\/\/goldtoners.com\/index.php?rest_route=%2Fwp%2Fv2%2Fcomments&post=45"}],"version-history":[{"count":4,"href":"https:\/\/goldtoners.com\/index.php?rest_route=\/wp\/v2\/pages\/45\/revisions"}],"predecessor-version":[{"id":131,"href":"https:\/\/goldtoners.com\/index.php?rest_route=\/wp\/v2\/pages\/45\/revisions\/131"}],"wp:attachment":[{"href":"https:\/\/goldtoners.com\/index.php?rest_route=%2Fwp%2Fv2%2Fmedia&parent=45"}],"curies":[{"name":"wp","href":"https:\/\/api.w.org\/{rel}","templated":true}]}}